{"id":8047,"date":"2024-12-05T08:54:58","date_gmt":"2024-12-05T07:54:58","guid":{"rendered":"https:\/\/evoteck.it\/?page_id=8047"},"modified":"2025-08-20T11:09:40","modified_gmt":"2025-08-20T09:09:40","slug":"politica-de-confidentialitate","status":"publish","type":"page","link":"https:\/\/evoteck.it\/ro\/politica-de-confidentialitate\/","title":{"rendered":"Politica de confiden\u021bialitate"},"content":{"rendered":"\t\t<div data-elementor-type=\"wp-page\" data-elementor-id=\"8047\" class=\"elementor elementor-8047 elementor-3\" data-elementor-post-type=\"page\">\n\t\t\t\t<div class=\"elementor-element elementor-element-c188d99 e-flex e-con-boxed e-con e-parent\" data-id=\"c188d99\" data-element_type=\"container\" data-settings=\"{&quot;background_background&quot;:&quot;classic&quot;}\">\n\t\t\t\t\t<div class=\"e-con-inner\">\n\t\t<div class=\"elementor-element elementor-element-f008ed1 e-con-full e-flex e-con e-child\" data-id=\"f008ed1\" data-element_type=\"container\">\n\t\t\t\t<\/div>\n\t\t\t\t\t<\/div>\n\t\t\t\t<\/div>\n\t\t<div class=\"elementor-element elementor-element-68f31a90 e-flex e-con-boxed e-con e-parent\" data-id=\"68f31a90\" data-element_type=\"container\">\n\t\t\t\t\t<div class=\"e-con-inner\">\n\t\t\t\t<div class=\"elementor-element elementor-element-734c7930 elementor-widget elementor-widget-text-editor\" data-id=\"734c7930\" data-element_type=\"widget\" data-widget_type=\"text-editor.default\">\n\t\t\t\t<div class=\"elementor-widget-container\">\n\t\t\t\t\t\t\t\t\t<h2>Politica de confiden\u021bialitate privind prelucrarea datelor cu caracter personal<\/h2><p>Aceast\u0103 pagin\u0103 descrie modalit\u0103\u021bile de gestionare a acestui site web cu referire la prelucrarea datelor cu caracter personal ale utilizatorilor care \u00eel consult\u0103. Aceasta este o informare furnizat\u0103 \u00een conformitate cu legisla\u021bia \u00een vigoare privind protec\u021bia datelor personale pentru utilizatorii care interac\u021bioneaz\u0103 cu serviciile acestui site, \u00een conformitate cu Regulamentul UE 2016\/679. Prezenta informare se aplic\u0103 numai acestui site \u0219i nu \u0219i altor site-uri web care pot fi consultate de utilizator prin linkurile noastre.<\/p><h3>\u201eOperatorul\u201d de date<\/h3><p>\u00cen urma consult\u0103rii site-ului, pot fi prelucrate date referitoare la persoane identificate sau identificabile. \u201eOperatorul\u201d prelucr\u0103rii acestor date este:<\/p><p><strong>EVOTECK SRL<\/strong><br \/><strong>VIA VENETO 24 \u2013<\/strong><br \/><strong>25025 MANERBIO (BS)<\/strong><br \/><strong>Cod Fiscal \u0219i TVA: 06508010961<\/strong><\/p><h3>Locul de prelucrare a datelor<\/h3><p>Prelucrarea legat\u0103 de serviciile web este efectuat\u0103 numai de personal tehnic al biroului responsabil de prelucrare sau de persoane \u00eemputernicite pentru opera\u021biuni ocazionale de \u00eentre\u021binere. Niciun fel de date provenite din serviciul web nu sunt comunicate sau difuzate.<\/p><h3>Scopul prelucr\u0103rii \u0219i temeiul juridic<\/h3><p>Datele personale furnizate de utilizatorii care trimit solicit\u0103ri sau inten\u021bioneaz\u0103 s\u0103 utilizeze servicii sau produse oferite prin intermediul site-ului, precum \u0219i s\u0103 primeasc\u0103 con\u021binuturi suplimentare specifice, sunt utilizate exclusiv pentru a r\u0103spunde solicit\u0103rilor sau pentru a executa serviciul sau presta\u021bia solicitat\u0103 \u0219i sunt comunicate ter\u021bilor numai dac\u0103 acest lucru este necesar. Temeiul juridic al acestor prelucr\u0103ri este necesitatea de a r\u0103spunde solicit\u0103rilor persoanelor vizate sau de a executa activit\u0103\u021bile prev\u0103zute \u00een acordurile \u00eencheiate cu acestea.<\/p><p>Cu consim\u021b\u0103m\u00e2ntul expres al utilizatorului, datele pot fi utilizate pentru activit\u0103\u021bi de comunicare comercial\u0103 referitoare la oferte de produse sau servicii suplimentare ale operatorului. Temeiul juridic al acestei prelucr\u0103ri este consim\u021b\u0103m\u00e2ntul liber exprimat de persoana vizat\u0103.<\/p><p>\u00cen afara acestor cazuri, datele de navigare ale utilizatorilor sunt p\u0103strate doar pe durata strict necesar\u0103 gestion\u0103rii activit\u0103\u021bilor de prelucrare, \u00een limitele prev\u0103zute de lege.<\/p><h3>Tipuri de date prelucrate<\/h3><h4>Date de navigare<\/h4><p>Sistemele informatice \u0219i procedurile software utilizate pentru func\u021bionarea site-ului dob\u00e2ndesc, \u00een cursul func\u021bion\u0103rii lor normale, anumite date personale a c\u0103ror transmitere este implicit\u0103 \u00een utilizarea protocoalelor de comunicare pe Internet. Aceste informa\u021bii nu sunt colectate pentru a fi asociate cu persoane identificate, dar, prin natura lor, ar putea, prin prelucr\u0103ri \u0219i asocieri cu date de\u021binute de ter\u021bi, s\u0103 permit\u0103 identificarea utilizatorilor. Aceast\u0103 categorie de date include adresele IP sau numele de domeniu ale computerelor utilizate de utilizatorii care se conecteaz\u0103 la site, adresele URI (Uniform Resource Identifier) ale resurselor solicitate, ora solicit\u0103rii, metoda utilizat\u0103 pentru transmiterea solicit\u0103rii c\u0103tre server, dimensiunea fi\u0219ierului ob\u021binut ca r\u0103spuns, codul numeric care indic\u0103 starea r\u0103spunsului dat de server (reu\u0219it, eroare etc.) \u0219i al\u021bi parametri lega\u021bi de sistemul de operare \u0219i mediul informatic al utilizatorului. Aceste date sunt utilizate exclusiv pentru a ob\u021bine informa\u021bii statistice anonime privind utilizarea site-ului \u0219i pentru a verifica buna func\u021bionare a acestuia \u0219i sunt \u0219terse dup\u0103 procesare. Datele ar putea fi utilizate pentru stabilirea responsabilit\u0103\u021bii \u00een cazul unor posibile infrac\u021biuni informatice \u00eempotriva site-ului.<\/p><h4>Date furnizate voluntar de utilizator<\/h4><p>Trimiterea op\u021bional\u0103, explicit\u0103 \u0219i voluntar\u0103 de e-mailuri c\u0103tre adresele indicate pe site implic\u0103 achizi\u021bionarea ulterioar\u0103 a adresei expeditorului, necesar\u0103 pentru a r\u0103spunde solicit\u0103rilor, precum \u0219i a altor date personale incluse \u00een mesaj. Informa\u021bii sumare specifice vor fi furnizate sau afi\u0219ate progresiv pe paginile site-ului preg\u0103tite pentru servicii specifice la cerere.<\/p><h4>Cookies<\/h4><p>Prin cookies se \u00een\u021belege elemente text care sunt introduse pe hard disk-ul unui computer numai dup\u0103 autorizare. Cookie-urile au rolul de a simplifica analiza traficului pe web sau de a semnala c\u00e2nd un site specific este vizitat \u0219i permit aplica\u021biilor web s\u0103 trimit\u0103 informa\u021bii c\u0103tre utilizatori individuali. Niciun fel de date personale ale utilizatorilor nu sunt achizi\u021bionate de site \u00een acest sens. Nu sunt utilizate cookies pentru transmiterea de informa\u021bii cu caracter personal \u0219i nici cookies persistente de orice tip sau sisteme de urm\u0103rire a utilizatorilor. Utilizarea a\u0219a-numitelor cookies de sesiune este strict limitat\u0103 la transmiterea identificatorilor de sesiune (const\u00e2nd din numere aleatorii generate de server) necesari pentru a permite navigarea sigur\u0103 \u0219i eficient\u0103 pe site. Cookies-urile de sesiune utilizate pe site evit\u0103 recurgerea la alte tehnici informatice poten\u021bial prejudiciabile pentru confiden\u021bialitatea navig\u0103rii utilizatorilor \u0219i nu permit achizi\u021bionarea de date personale de identificare a utilizatorului.<\/p><h3>Caracterul op\u021bional al furniz\u0103rii datelor<\/h3><p>\u00cen afara celor specificate pentru datele de navigare, utilizatorul este liber s\u0103 furnizeze date personale pentru a solicita serviciile oferite de Operator. Ne furnizarea acestora poate face imposibil\u0103 ob\u021binerea a ceea ce s-a solicitat.<\/p><h3>Modalit\u0103\u021bi de prelucrare \u0219i perioad\u0103 de stocare a datelor<\/h3><p>Datele personale sunt prelucrate prin mijloace automatizate pe durata strict necesar\u0103 pentru atingerea scopurilor pentru care au fost colectate. Sunt respectate m\u0103suri specifice de securitate pentru a preveni pierderea datelor, utilizarea ilegal\u0103 sau incorect\u0103 \u0219i accesul neautorizat.<\/p><p>Datele sunt stocate pe durata strict necesar\u0103 pentru atingerea scopurilor indicate \u00een prezenta informare \u0219i vor fi \u0219terse la sf\u00e2r\u0219itul acestei perioade, cu excep\u021bia cazului \u00een care datele trebuie p\u0103strate pentru a respecta obliga\u021biile legale sau pentru a ap\u0103ra un drept \u00een instan\u021b\u0103.<\/p><h3>Drepturile persoanelor vizate<\/h3><p>\u00cen limitele \u0219i condi\u021biile prev\u0103zute de lege, operatorul are obliga\u021bia de a r\u0103spunde solicit\u0103rilor persoanei vizate cu privire la datele personale care o privesc. \u00cen special, \u00een conformitate cu legisla\u021bia \u00een vigoare:<\/p><ol><li>Persoana vizat\u0103 are dreptul de a ob\u021bine de la operator confirmarea c\u0103 se prelucreaz\u0103 sau nu date personale care o privesc \u0219i, \u00een caz afirmativ, accesul la aceste date \u0219i la urm\u0103toarele informa\u021bii:<\/li><\/ol><ul><li>scopurile prelucr\u0103rii;<\/li><li>categoriile de date personale \u00een cauz\u0103;<\/li><li>destinatarii sau categoriile de destinatari c\u0103rora le-au fost sau le vor fi comunicate datele personale, \u00een special destinatari din \u021b\u0103ri ter\u021be sau organiza\u021bii interna\u021bionale;<\/li><li>acolo unde este posibil, perioada de stocare a datelor personale sau, dac\u0103 nu este posibil, criteriile utilizate pentru a determina aceast\u0103 perioad\u0103;<\/li><li>existen\u021ba dreptului persoanei vizate de a solicita operatorului rectificarea sau \u0219tergerea datelor personale sau restric\u021bionarea prelucr\u0103rii datelor personale care o privesc sau de a se opune prelucr\u0103rii acestora;<\/li><li>dreptul de a depune o pl\u00e2ngere la o autoritate de supraveghere;<\/li><li>\u00een cazul \u00een care datele nu sunt colectate de la persoana vizat\u0103, orice informa\u021bii disponibile cu privire la sursa acestora;<\/li><li>existen\u021ba unui proces decizional automatizat, inclusiv profilarea.<\/li><\/ul><ol start=\"2\"><li>Persoana vizat\u0103 are dreptul de a ob\u021bine de la operator, f\u0103r\u0103 \u00eent\u00e2rzieri nejustificate, rectificarea datelor personale inexacte care o privesc. \u021ain\u00e2nd cont de scopurile prelucr\u0103rii, persoana vizat\u0103 are dreptul de a completa datele personale incomplete, inclusiv prin furnizarea unei declara\u021bii suplimentare.<\/li><li>Persoana vizat\u0103 are dreptul de a ob\u021bine de la operator \u0219tergerea datelor personale care o privesc, f\u0103r\u0103 \u00eent\u00e2rzieri nejustificate, iar operatorul are obliga\u021bia de a \u0219terge aceste date, \u00een limitele \u0219i cazurile prev\u0103zute de legisla\u021bia \u00een vigoare. Operatorul comunic\u0103 fiec\u0103rui destinatar c\u0103ruia i-au fost transmise datele personale eventualele rectific\u0103ri, \u0219tergeri sau restric\u021bii de prelucrare, \u00een limitele \u0219i formele prev\u0103zute de legisla\u021bia aplicabil\u0103.<\/li><li>Persoana vizat\u0103 are dreptul de a ob\u021bine de la operator restric\u021bionarea prelucr\u0103rii.<\/li><li>Persoana vizat\u0103 are dreptul de a primi datele personale care o privesc, pe care le-a furnizat unui operator, \u00eentr-un format structurat, utilizat \u00een mod obi\u0219nuit \u0219i care poate fi citit automat, \u0219i are dreptul de a transmite aceste date altui operator f\u0103r\u0103 obstacole din partea operatorului c\u0103ruia i-au fost furnizate.<\/li><\/ol><p>Pentru exercitarea drepturilor enumerate mai sus, persoana vizat\u0103 trebuie s\u0103 depun\u0103 o cerere utiliz\u00e2nd datele de contact de mai jos, prin care poate fi contactat \u0219i Responsabilul cu protec\u021bia datelor, dac\u0103 a fost desemnat de Operator.<\/p><p>Cererile trebuie adresate Operatorului la urm\u0103toarea adres\u0103: <strong>evoteck@evoteck.it<\/strong>, care poate fi utilizat\u0103 \u0219i pentru a contacta Responsabilul cu protec\u021bia datelor, dac\u0103 acesta a fost desemnat de Operator.<\/p><p>Prezenta versiune a politicii de confiden\u021bialitate privind prelucrarea datelor cu caracter personal a fost actualizat\u0103 la <strong>07 mai 2018<\/strong>.<\/p>\t\t\t\t\t\t\t\t<\/div>\n\t\t\t\t<\/div>\n\t\t\t\t\t<\/div>\n\t\t\t\t<\/div>\n\t\t\t\t<\/div>\n\t\t","protected":false},"excerpt":{"rendered":"<p>Politica de confiden\u021bialitate privind prelucrarea datelor cu caracter personal Aceast\u0103 pagin\u0103 descrie modalit\u0103\u021bile de gestionare a acestui site web cu referire la prelucrarea datelor cu caracter personal ale utilizatorilor care \u00eel consult\u0103. Aceasta este o informare furnizat\u0103 \u00een conformitate cu legisla\u021bia \u00een vigoare privind protec\u021bia datelor personale pentru utilizatorii care interac\u021bioneaz\u0103 cu serviciile acestui site, [&hellip;]<\/p>\n","protected":false},"author":1,"featured_media":0,"parent":0,"menu_order":0,"comment_status":"closed","ping_status":"open","template":"","meta":{"footnotes":""},"class_list":["post-8047","page","type-page","status-publish","hentry"],"_links":{"self":[{"href":"https:\/\/evoteck.it\/ro\/wp-json\/wp\/v2\/pages\/8047","targetHints":{"allow":["GET"]}}],"collection":[{"href":"https:\/\/evoteck.it\/ro\/wp-json\/wp\/v2\/pages"}],"about":[{"href":"https:\/\/evoteck.it\/ro\/wp-json\/wp\/v2\/types\/page"}],"author":[{"embeddable":true,"href":"https:\/\/evoteck.it\/ro\/wp-json\/wp\/v2\/users\/1"}],"replies":[{"embeddable":true,"href":"https:\/\/evoteck.it\/ro\/wp-json\/wp\/v2\/comments?post=8047"}],"version-history":[{"count":5,"href":"https:\/\/evoteck.it\/ro\/wp-json\/wp\/v2\/pages\/8047\/revisions"}],"predecessor-version":[{"id":8055,"href":"https:\/\/evoteck.it\/ro\/wp-json\/wp\/v2\/pages\/8047\/revisions\/8055"}],"wp:attachment":[{"href":"https:\/\/evoteck.it\/ro\/wp-json\/wp\/v2\/media?parent=8047"}],"curies":[{"name":"wp","href":"https:\/\/api.w.org\/{rel}","templated":true}]}}